{"id":1253,"date":"2024-09-15T22:16:05","date_gmt":"2024-09-15T20:16:05","guid":{"rendered":"lechangement.tg?page_id=1253"},"modified":"2024-09-15T22:16:40","modified_gmt":"2024-09-15T20:16:40","slug":"a-propos","status":"publish","type":"page","link":"https:\/\/lechangement.tg\/index.php\/a-propos\/","title":{"rendered":"A propos"},"content":{"rendered":"<p>Le Groupe de presse le Changement est une entreprise de presse, propri\u00e9taire de l&rsquo;hebdomadaire \u00ab Le Changement \u00bb et du site https:\/\/lechangement.tg. Cr\u00e9\u00e9 en d\u00e9cembre 2005 par John Kouamivi Amouzouvi, le groupe \u00e9dite et publie, sans interruption, l&rsquo;hebdomadaire \u00ab Le Changement \u00bb depuis sa cr\u00e9ation. <\/p>\n<p>Plus de 875 num\u00e9ros ont \u00e9t\u00e9 d\u00e9j\u00e0 mis en kiosque. Chaque num\u00e9ro est tir\u00e9 \u00e0 plus de 2000 exemplaires. C&rsquo;est un hebdomadaire d&rsquo;informations g\u00e9n\u00e9rales et de publicit\u00e9. <\/p>\n<p>Sur insistance des lecteurs, Le Changement a fait son entr\u00e9e dans la gamme de la presse en ligne avec son site https:\/\/lechangement.tg et sa plateforme WhatsApp \u00ab Le changement info \u00bb, tout en conservant sa version originelle.<\/p>\n<p>Pour vos reportages, annonces et publicit\u00e9s, contactez-nous par :<br \/>\n&#8211;\tWhatsApp\/T\u00e9l\u00e9phone : (+228) 90101802<br \/>\n&#8211;\tEmail : lechangement1@gmail.com<\/p>\n","protected":false},"excerpt":{"rendered":"<p>Le Groupe de presse le Changement est une entreprise de presse, propri\u00e9taire de l&rsquo;hebdomadaire \u00ab Le Changement \u00bb et du site https:\/\/lechangement.tg. Cr\u00e9\u00e9 en d\u00e9cembre 2005 par John Kouamivi Amouzouvi,&hellip;<\/p>\n","protected":false},"author":2,"featured_media":0,"parent":0,"menu_order":0,"comment_status":"closed","ping_status":"closed","template":"","meta":{"_monsterinsights_skip_tracking":false,"_monsterinsights_sitenote_active":false,"_monsterinsights_sitenote_note":"","_monsterinsights_sitenote_category":0,"footnotes":""},"class_list":["post-1253","page","type-page","status-publish","hentry"],"aioseo_notices":[],"_links":{"self":[{"href":"https:\/\/lechangement.tg\/index.php\/wp-json\/wp\/v2\/pages\/1253","targetHints":{"allow":["GET"]}}],"collection":[{"href":"https:\/\/lechangement.tg\/index.php\/wp-json\/wp\/v2\/pages"}],"about":[{"href":"https:\/\/lechangement.tg\/index.php\/wp-json\/wp\/v2\/types\/page"}],"author":[{"embeddable":true,"href":"https:\/\/lechangement.tg\/index.php\/wp-json\/wp\/v2\/users\/2"}],"replies":[{"embeddable":true,"href":"https:\/\/lechangement.tg\/index.php\/wp-json\/wp\/v2\/comments?post=1253"}],"version-history":[{"count":2,"href":"https:\/\/lechangement.tg\/index.php\/wp-json\/wp\/v2\/pages\/1253\/revisions"}],"predecessor-version":[{"id":1256,"href":"https:\/\/lechangement.tg\/index.php\/wp-json\/wp\/v2\/pages\/1253\/revisions\/1256"}],"wp:attachment":[{"href":"https:\/\/lechangement.tg\/index.php\/wp-json\/wp\/v2\/media?parent=1253"}],"curies":[{"name":"wp","href":"https:\/\/api.w.org\/{rel}","templated":true}]}}